{"id":9,"date":"2021-12-10T09:40:17","date_gmt":"2021-12-10T09:40:17","guid":{"rendered":"https:\/\/youl.ch\/?page_id=9"},"modified":"2023-05-24T06:47:25","modified_gmt":"2023-05-24T06:47:25","slug":"kontakt","status":"publish","type":"page","link":"https:\/\/youl.ch\/","title":{"rendered":"Gemeinsam im Flow: Achtsamkeit f\u00fcr ein erfolgreiches Team"},"content":{"rendered":"\n<p class=\"has-medium-font-size\">In der heutigen schnelllebigen und stressigen Gesch\u00e4ftswelt ist Achtsamkeit zu einem wichtigen Thema geworden. Unternehmen und F\u00fchrungskr\u00e4fte erkennen zunehmend die Bedeutung von Achtsamkeit, um das Wohlbefinden der Mitarbeiter zu f\u00f6rdern und ihre Leistungsf\u00e4higkeit zu steigern.<\/p>\n\n\n\n<p class=\"has-medium-font-size\">Achtsamkeit im Business bezieht sich auf die bewusste und nicht wertende Wahrnehmung des gegenw\u00e4rtigen Moments. Durch achtsame Praktiken wie Meditation, Atem\u00fcbungen und gezielte Aufmerksamkeitslenkung k\u00f6nnen F\u00fchrungskr\u00e4fte und Mitarbeiter ihre Stressreaktionen reduzieren, ihre Konzentration verbessern und ihre emotionale Intelligenz st\u00e4rken.<\/p>\n\n\n\n<p class=\"has-medium-font-size\">Unser Ziel ist es, Unternehmen dabei zu unterst\u00fctzen, eine Kultur der Achtsamkeit zu entwickeln und zu f\u00f6rdern. Wir bieten ma\u00dfgeschneiderte Trainings, Workshops und Coaching-Programme an, die auf die Bed\u00fcrfnisse und Herausforderungen Ihres Unternehmens zugeschnitten sind.<\/p>\n\n\n\n<p class=\"has-medium-font-size\">Durch unsere praxisorientierten Ans\u00e4tze helfen wir Ihnen, Achtsamkeit in Ihren Arbeitsalltag zu integrieren. Wir zeigen Ihnen, wie Sie Ihre Aufmerksamkeit bewusst lenken, um effektiver zu kommunizieren, bessere Entscheidungen zu treffen und Ihre pers\u00f6nliche Resilienz zu st\u00e4rken.<\/p>\n\n\n\n<p class=\"has-medium-font-size\">Erfahren Sie mehr \u00fcber die Vorteile von Achtsamkeit im Business und wie es Ihnen und Ihrem Unternehmen helfen kann, erfolgreich zu sein. Kontaktieren Sie uns noch heute, um herauszufinden, wie wir Sie unterst\u00fctzen k\u00f6nnen. Gemeinsam schaffen wir eine positive und produktive Arbeitsumgebung durch Achtsamkeit.<\/p>\n","protected":false},"excerpt":{"rendered":"<p>In der heutigen schnelllebigen und stressigen Gesch\u00e4ftswelt ist Achtsamkeit zu einem wichtigen Thema geworden. Unternehmen und F\u00fchrungskr\u00e4fte erkennen zunehmend die Bedeutung von Achtsamkeit, um das Wohlbefinden der Mitarbeiter zu f\u00f6rdern und ihre Leistungsf\u00e4higkeit zu steigern. Achtsamkeit im Business bezieht sich auf die bewusste und nicht wertende Wahrnehmung des gegenw\u00e4rtigen Moments. Durch achtsame Praktiken wie Meditation, Atem\u00fcbungen und gezielte Aufmerksamkeitslenkung k\u00f6nnen F\u00fchrungskr\u00e4fte und Mitarbeiter ihre Stressreaktionen reduzieren, ihre Konzentration verbessern und ihre emotionale Intelligenz st\u00e4rken. Unser Ziel ist es, Unternehmen dabei zu unterst\u00fctzen, eine Kultur der Achtsamkeit zu entwickeln und zu f\u00f6rdern. Wir bieten ma\u00dfgeschneiderte Trainings, Workshops und Coaching-Programme an, die&#8230; <\/p>\n","protected":false},"author":2,"featured_media":0,"parent":0,"menu_order":0,"comment_status":"closed","ping_status":"closed","template":"","meta":{"footnotes":""},"class_list":["post-9","page","type-page","status-publish","hentry"],"_links":{"self":[{"href":"https:\/\/youl.ch\/index.php?rest_route=\/wp\/v2\/pages\/9","targetHints":{"allow":["GET"]}}],"collection":[{"href":"https:\/\/youl.ch\/index.php?rest_route=\/wp\/v2\/pages"}],"about":[{"href":"https:\/\/youl.ch\/index.php?rest_route=\/wp\/v2\/types\/page"}],"author":[{"embeddable":true,"href":"https:\/\/youl.ch\/index.php?rest_route=\/wp\/v2\/users\/2"}],"replies":[{"embeddable":true,"href":"https:\/\/youl.ch\/index.php?rest_route=%2Fwp%2Fv2%2Fcomments&post=9"}],"version-history":[{"count":9,"href":"https:\/\/youl.ch\/index.php?rest_route=\/wp\/v2\/pages\/9\/revisions"}],"predecessor-version":[{"id":48,"href":"https:\/\/youl.ch\/index.php?rest_route=\/wp\/v2\/pages\/9\/revisions\/48"}],"wp:attachment":[{"href":"https:\/\/youl.ch\/index.php?rest_route=%2Fwp%2Fv2%2Fmedia&parent=9"}],"curies":[{"name":"wp","href":"https:\/\/api.w.org\/{rel}","templated":true}]}}